{"id":2265,"date":"2016-01-30T13:32:28","date_gmt":"2016-01-30T17:32:28","guid":{"rendered":"https:\/\/defipsf.csbe.qc.ca\/?page_id=2265"},"modified":"2022-07-06T22:08:19","modified_gmt":"2022-07-07T01:08:19","slug":"informations","status":"publish","type":"page","link":"https:\/\/defipsf.csbe.qc.ca\/?page_id=2265","title":{"rendered":"Informations g\u00e9n\u00e9rales"},"content":{"rendered":"<p>Soucieuse de promouvoir les saines habitudes de vie et la pers\u00e9v\u00e9rance dans l\u2019effort, l\u2019\u00e9quipe-\u00e9cole de la polyvalente Saint-Fran\u00e7ois de Beauceville lance la\u00a0neuvi\u00e8me \u00e9dition du <strong>D\u00e9fi PSF<\/strong>.<\/p>\n<p>Cet \u00e9v\u00e9nement sportif, ouvert \u00e0 toute la population, se d\u00e9roulera le samedi 8 ocotbre 2022 en avant-midi \u00e0 partir du stationnement de la Polyvalente Saint-Fran\u00e7ois de Beauceville. L\u2019activit\u00e9 consiste \u00e0 marcher ou \u00e0 courir un 2km, 5 km, 10 km ou 21,1 km. Cette ann\u00e9e, la ville de Beauceville s\u2019associe encore une fois \u00e0 l\u2019\u00e9cole afin de cr\u00e9er un \u00e9v\u00e9nement scolaire-municipal de plus grande envergure. De plus, notre partenariat avec le CRDP est renouvel\u00e9!<\/p>\n<p>Le co\u00fbt charg\u00e9 au participant est moindre cette ann\u00e9e gr\u00e2ce \u00e0 nos partenaires financiers. L\u2019an dernier, 400 personnes ont relev\u00e9 ce d\u00e9fi. Cette ann\u00e9e, nous souhaitons accueillir 800 personnes. Consid\u00e9rant qu\u2019il s\u2019agit d\u2019un \u00e9v\u00e9nement unique \u00e0 Beauceville et que le sentiment de satisfaction des participants de l\u2019an dernier \u00e9tait grand, nous avons d\u00e9cid\u00e9 de renouveler l\u2019exp\u00e9rience. Chacun des participants recevra\u00a0:<\/p>\n<ul>\n<li>un t-shirt aux couleurs de l\u2019\u00e9v\u00e9nement;<\/li>\n<li>une puce \u00e9lectronique pour mesurer le temps pris;<\/li>\n<li>une m\u00e9daille pour ceux qui r\u00e9ussissent \u00e0 terminer l\u2019\u00e9preuve.<\/li>\n<\/ul>\n<p>Les buts vis\u00e9s par cette activit\u00e9 sont\u00a0:<\/p>\n<ul>\n<li>\u00a0d\u00e9montrer l\u2019importance de pratiquer des activit\u00e9s physiques quotidiennement;<\/li>\n<li>d\u00e9velopper le sens de l\u2019effort afin de poursuivre et d\u2019atteindre un but \u00e0 long terme.<\/li>\n<li>\u00eatre en mesure de transposer ces qualit\u00e9s dans la vie de tous les jours tant au travail qu\u2019\u00e0 l\u2019\u00e9cole.<\/li>\n<\/ul>\n<h1 style=\"text-align: center;\"><strong>INSCRIVEZ-VOUS <a href=\"https:\/\/inscriptions.monclubsportif.com\/b899c2aff50c829aced9e23bee707fcb\"><span style=\"text-decoration: underline;\">ICI<\/span><\/a><\/strong><\/h1>\n","protected":false},"excerpt":{"rendered":"<p>Soucieuse de promouvoir les saines habitudes de vie et la pers\u00e9v\u00e9rance dans l\u2019effort, l\u2019\u00e9quipe-\u00e9cole de la polyvalente Saint-Fran\u00e7ois de Beauceville lance la\u00a0neuvi\u00e8me \u00e9dition du D\u00e9fi PSF. Cet \u00e9v\u00e9nement sportif, ouvert \u00e0 toute la population, se d\u00e9roulera le samedi 8 ocotbre 2022 en avant-midi \u00e0 partir du stationnement de la Polyvalente Saint-Fran\u00e7ois de Beauceville. L\u2019activit\u00e9 consiste [&hellip;]<\/p>\n","protected":false},"author":10,"featured_media":2282,"parent":0,"menu_order":0,"comment_status":"closed","ping_status":"closed","template":"","meta":{"jetpack_post_was_ever_published":false,"footnotes":""},"class_list":["post-2265","page","type-page","status-publish","has-post-thumbnail","czr-hentry"],"jetpack_sharing_enabled":true,"jetpack_shortlink":"https:\/\/wp.me\/P7ckN3-Ax","jetpack_likes_enabled":true,"jetpack-related-posts":[],"_links":{"self":[{"href":"https:\/\/defipsf.csbe.qc.ca\/index.php?rest_route=\/wp\/v2\/pages\/2265"}],"collection":[{"href":"https:\/\/defipsf.csbe.qc.ca\/index.php?rest_route=\/wp\/v2\/pages"}],"about":[{"href":"https:\/\/defipsf.csbe.qc.ca\/index.php?rest_route=\/wp\/v2\/types\/page"}],"author":[{"embeddable":true,"href":"https:\/\/defipsf.csbe.qc.ca\/index.php?rest_route=\/wp\/v2\/users\/10"}],"replies":[{"embeddable":true,"href":"https:\/\/defipsf.csbe.qc.ca\/index.php?rest_route=%2Fwp%2Fv2%2Fcomments&post=2265"}],"version-history":[{"count":16,"href":"https:\/\/defipsf.csbe.qc.ca\/index.php?rest_route=\/wp\/v2\/pages\/2265\/revisions"}],"predecessor-version":[{"id":3863,"href":"https:\/\/defipsf.csbe.qc.ca\/index.php?rest_route=\/wp\/v2\/pages\/2265\/revisions\/3863"}],"wp:featuredmedia":[{"embeddable":true,"href":"https:\/\/defipsf.csbe.qc.ca\/index.php?rest_route=\/wp\/v2\/media\/2282"}],"wp:attachment":[{"href":"https:\/\/defipsf.csbe.qc.ca\/index.php?rest_route=%2Fwp%2Fv2%2Fmedia&parent=2265"}],"curies":[{"name":"wp","href":"https:\/\/api.w.org\/{rel}","templated":true}]}}