{"id":2269,"date":"2016-01-30T13:33:29","date_gmt":"2016-01-30T17:33:29","guid":{"rendered":"https:\/\/defipsf.csbe.qc.ca\/?page_id=2269"},"modified":"2019-02-10T22:49:28","modified_gmt":"2019-02-11T02:49:28","slug":"horaire-et-parcours","status":"publish","type":"page","link":"https:\/\/defipsf.csbe.qc.ca\/?page_id=2269","title":{"rendered":"Horaire et parcours"},"content":{"rendered":"<p><span style=\"font-size: xx-large;\"><strong>Horaire de la journ\u00e9e<\/strong><\/span><\/p>\n<p><strong>Voici les heures de d\u00e9part pour la journ\u00e9e du 18 mai :<\/strong><\/p>\n<ul>\n<li>D\u00e9part pour la course du 21.1 km &#8230;&#8230;&#8230;&#8230;&#8230;&#8230;&#8230;. 8h30<\/li>\n<li>D\u00e9part pour la marche et la course du 10 km&#8230;&#8230;. 9h00<\/li>\n<li>D\u00e9part pour la marche et la course du 5km&#8230;&#8230;&#8230;. 9h15<\/li>\n<li>Podium pour le 5 km, 10 km et 21 km&#8230;&#8230;&#8230;&#8230;&#8230;&#8230; 11h00<\/li>\n<li>D\u00e9part pour la course du 2km&#8230;&#8230;&#8230;&#8230;&#8230;&#8230;&#8230;&#8230;&#8230;&#8230;. 11h15<\/li>\n<\/ul>\n<p><span style=\"font-size: xx-large;\"><strong>Trajets<\/strong><\/span><\/p>\n<p>Itin\u00e9raires pour les diff\u00e9rents parcours:<\/p>\n<ul>\n<li><b>2 km:<\/b> Parcourir une section de la boucle bleue<\/li>\n<li><b>5 km:<\/b>\u00a0<a href=\"https:\/\/www.google.ca\/maps\/dir\/46.2110641,-70.7779445\/46.2225122,-70.8008865\/46.2142268,-70.7818069\/46.2110715,-70.7779659\/@46.2167882,-70.7937872,16z\/am=t\/data=!3m1!4b1!4m16!4m15!1m0!1m5!3m4!1m2!1d-70.7829623!2d46.2164122!3s0x4cb9ba3c94f59b2d:0x141a3534bb4c8e65!1m5!3m4!1m2!1d-70.7787144!2d46.2137263!3s0x4cb9ba254bc68a57:0xf16c4e887219ef10!1m0!3e2\">Cliquez pour consulter la carte<\/a><\/li>\n<li><b>10 km:<\/b>\u00a0<a href=\"https:\/\/www.google.ca\/maps\/dir\/46.2110641,-70.7779445\/46.2411705,-70.8179296\/46.2142268,-70.7818069\/46.2110715,-70.7779659\/@46.2261194,-70.8154409,14z\/am=t\/data=!3m1!4b1!4m16!4m15!1m0!1m5!3m4!1m2!1d-70.7829623!2d46.2164122!3s0x4cb9ba3c94f59b2d:0x141a3534bb4c8e65!1m5!3m4!1m2!1d-70.7787144!2d46.2137263!3s0x4cb9ba254bc68a57:0xf16c4e887219ef10!1m0!3e2\">Cliquez pour consulter la carte<\/a><\/li>\n<li><b>21,1 km:<\/b> Parcourir 2 fois la <a href=\"https:\/\/www.google.ca\/maps\/dir\/46.2110641,-70.7779445\/46.2411705,-70.8179296\/46.2142268,-70.7818069\/46.2110715,-70.7779659\/@46.2261194,-70.8154409,14z\/am=t\/data=!3m1!4b1!4m16!4m15!1m0!1m5!3m4!1m2!1d-70.7829623!2d46.2164122!3s0x4cb9ba3c94f59b2d:0x141a3534bb4c8e65!1m5!3m4!1m2!1d-70.7787144!2d46.2137263!3s0x4cb9ba254bc68a57:0xf16c4e887219ef10!1m0!3e2\">boucle du 10 km<\/a><\/li>\n<\/ul>\n<p><small><a style=\"color: #0000ff; text-align: left;\" href=\"https:\/\/maps.google.ca\/maps\/ms?msid=214934966141364626945.0004f2b6cb5f2e9a0071e&amp;msa=0&amp;hl=fr&amp;ie=UTF8&amp;t=m&amp;ll=46.212454,-70.782272&amp;spn=0.017476,0.019183&amp;source=embed\" target=\"blank\"><br \/>\n<\/a><\/small><br \/>\n<span style=\"font-size: xx-large;\"><strong>D\u00e9niv\u00e9lation du parcours<\/strong><\/span><\/p>\n<p><img data-recalc-dims=\"1\" loading=\"lazy\" decoding=\"async\" data-attachment-id=\"2328\" data-permalink=\"https:\/\/defipsf.csbe.qc.ca\/?attachment_id=2328\" data-orig-file=\"https:\/\/i0.wp.com\/defipsf.csbe.qc.ca\/wp-content\/uploads\/2016\/01\/denivelation2.png?fit=592%2C209&amp;ssl=1\" data-orig-size=\"592,209\" data-comments-opened=\"1\" data-image-meta=\"{&quot;aperture&quot;:&quot;0&quot;,&quot;credit&quot;:&quot;&quot;,&quot;camera&quot;:&quot;&quot;,&quot;caption&quot;:&quot;&quot;,&quot;created_timestamp&quot;:&quot;0&quot;,&quot;copyright&quot;:&quot;&quot;,&quot;focal_length&quot;:&quot;0&quot;,&quot;iso&quot;:&quot;0&quot;,&quot;shutter_speed&quot;:&quot;0&quot;,&quot;title&quot;:&quot;&quot;,&quot;orientation&quot;:&quot;0&quot;}\" data-image-title=\"denivelation2\" data-image-description=\"\" data-image-caption=\"\" data-large-file=\"https:\/\/i0.wp.com\/defipsf.csbe.qc.ca\/wp-content\/uploads\/2016\/01\/denivelation2.png?fit=592%2C209&amp;ssl=1\" class=\"size-full wp-image-2328 alignleft\" src=\"https:\/\/i0.wp.com\/defipsf.csbe.qc.ca\/wp-content\/uploads\/2016\/01\/denivelation2.png?resize=592%2C209&#038;ssl=1\" alt=\"denivelation2\" width=\"592\" height=\"209\" srcset=\"https:\/\/i0.wp.com\/defipsf.csbe.qc.ca\/wp-content\/uploads\/2016\/01\/denivelation2.png?w=592&amp;ssl=1 592w, https:\/\/i0.wp.com\/defipsf.csbe.qc.ca\/wp-content\/uploads\/2016\/01\/denivelation2.png?resize=300%2C106&amp;ssl=1 300w\" sizes=\"auto, (max-width: 592px) 100vw, 592px\" \/><\/p>\n","protected":false},"excerpt":{"rendered":"<p>Horaire de la journ\u00e9e Voici les heures de d\u00e9part pour la journ\u00e9e du 18 mai : D\u00e9part pour la course du 21.1 km &#8230;&#8230;&#8230;&#8230;&#8230;&#8230;&#8230;. 8h30 D\u00e9part pour la marche et la course du 10 km&#8230;&#8230;. 9h00 D\u00e9part pour la marche et la course du 5km&#8230;&#8230;&#8230;. 9h15 Podium pour le 5 km, 10 km et 21 [&hellip;]<\/p>\n","protected":false},"author":10,"featured_media":2284,"parent":0,"menu_order":0,"comment_status":"closed","ping_status":"closed","template":"","meta":{"footnotes":""},"class_list":["post-2269","page","type-page","status-publish","has-post-thumbnail","czr-hentry"],"jetpack_sharing_enabled":true,"jetpack_shortlink":"https:\/\/wp.me\/P7ckN3-AB","jetpack_likes_enabled":true,"jetpack-related-posts":[],"_links":{"self":[{"href":"https:\/\/defipsf.csbe.qc.ca\/index.php?rest_route=\/wp\/v2\/pages\/2269","targetHints":{"allow":["GET"]}}],"collection":[{"href":"https:\/\/defipsf.csbe.qc.ca\/index.php?rest_route=\/wp\/v2\/pages"}],"about":[{"href":"https:\/\/defipsf.csbe.qc.ca\/index.php?rest_route=\/wp\/v2\/types\/page"}],"author":[{"embeddable":true,"href":"https:\/\/defipsf.csbe.qc.ca\/index.php?rest_route=\/wp\/v2\/users\/10"}],"replies":[{"embeddable":true,"href":"https:\/\/defipsf.csbe.qc.ca\/index.php?rest_route=%2Fwp%2Fv2%2Fcomments&post=2269"}],"version-history":[{"count":15,"href":"https:\/\/defipsf.csbe.qc.ca\/index.php?rest_route=\/wp\/v2\/pages\/2269\/revisions"}],"predecessor-version":[{"id":3532,"href":"https:\/\/defipsf.csbe.qc.ca\/index.php?rest_route=\/wp\/v2\/pages\/2269\/revisions\/3532"}],"wp:featuredmedia":[{"embeddable":true,"href":"https:\/\/defipsf.csbe.qc.ca\/index.php?rest_route=\/wp\/v2\/media\/2284"}],"wp:attachment":[{"href":"https:\/\/defipsf.csbe.qc.ca\/index.php?rest_route=%2Fwp%2Fv2%2Fmedia&parent=2269"}],"curies":[{"name":"wp","href":"https:\/\/api.w.org\/{rel}","templated":true}]}}