{"id":412,"date":"2014-02-28T11:56:38","date_gmt":"2014-02-28T15:56:38","guid":{"rendered":"http:\/\/psftest.csbe.qc.ca\/?page_id=412"},"modified":"2022-06-07T14:13:35","modified_gmt":"2022-06-07T17:13:35","slug":"nous-joindre","status":"publish","type":"page","link":"https:\/\/defipsf.csbe.qc.ca\/?page_id=412","title":{"rendered":"Nous joindre"},"content":{"rendered":"<div id=\"fb-root\" class=\" fb_reset\">\n<div style=\"top: -10000px; width: 0px; height: 0px; position: absolute;\"><\/div>\n<table>\n<tbody>\n<tr>\n<td valign=\"top\" width=\"40%\">\n<h3>D\u00e9fiPSF<\/h3>\n<h3>228, avenue Lambert<\/h3>\n<p>Beauceville (Qu\u00e9bec)<\/p>\n<p>G5X 3N9<\/p>\n<p><strong>Courriels :<\/strong><\/p>\n<p>bernard.turcotte@csbe.qc.ca<\/p>\n<p>dave.loubier@csbe.qc.ca<\/p>\n<p>anne.begin@csbe.qc.ca<\/p>\n<p><strong>facebook<\/strong><\/p>\n<p><a href=\"https:\/\/www.facebook.com\/DefiPSF\/\">D\u00e9fi PSF\u00a0<\/a><\/td>\n<td align=\"center\" valign=\"center\"><iframe loading=\"lazy\" src=\"https:\/\/maps.google.ca\/maps\/ms?msid=214934966141364626945.0004f46f486d1f3b30309&amp;msa=0&amp;hl=fr&amp;ie=UTF8&amp;ll=46.210744,-70.778692&amp;spn=0,0&amp;t=m&amp;output=embed\" width=\"525\" height=\"350\" frameborder=\"0\" marginwidth=\"0\" marginheight=\"0\" scrolling=\"no\"><\/iframe><br \/>\n<small>Afficher <a style=\"color: #0000ff; text-align: left;\" href=\"https:\/\/maps.google.ca\/maps\/ms?msid=214934966141364626945.0004f46f486d1f3b30309&amp;msa=0&amp;hl=fr&amp;ie=UTF8&amp;ll=46.210744,-70.778692&amp;spn=0,0&amp;t=m&amp;source=embed\">Polyvalente St-Fran\u00e7ois<\/a> sur une carte plus grande<\/small><\/td>\n<\/tr>\n<\/tbody>\n<\/table>\n<\/div>\n<h3><strong>Pour toute information, n&rsquo;h\u00e9sitez pas \u00e0 nous contacter:<\/strong><\/h3>\n<div data-test='contact-form' id='contact-form-412' class='wp-block-jetpack-contact-form-container '>\n<form action='https:\/\/defipsf.csbe.qc.ca\/?page_id=412#contact-form-412' method='post' class='contact-form commentsblock' aria-label=\"Nous joindre\" novalidate>\n\n<div style=\"\" class='grunion-field-name-wrap grunion-field-wrap'  >\n<label\n\t\t\t\tfor='g412-nom'\n\t\t\t\tclass='grunion-field-label name'>Nom<span class=\"grunion-label-required\" aria-hidden=\"true\">(obligatoire)<\/span><\/label>\n<input\n\t\t\t\t\ttype='text'\n\t\t\t\t\tname='g412-nom'\n\t\t\t\t\tid='g412-nom'\n\t\t\t\t\tvalue=''\n\t\t\t\t\tclass='name  grunion-field' \n\t\t\t\t\trequired aria-required='true' \/>\n\t<\/div>\n\n<div style=\"\" class='grunion-field-email-wrap grunion-field-wrap'  >\n<label\n\t\t\t\tfor='g412-email'\n\t\t\t\tclass='grunion-field-label email'>Email<span class=\"grunion-label-required\" aria-hidden=\"true\">(obligatoire)<\/span><\/label>\n<input\n\t\t\t\t\ttype='email'\n\t\t\t\t\tname='g412-email'\n\t\t\t\t\tid='g412-email'\n\t\t\t\t\tvalue=''\n\t\t\t\t\tclass='email  grunion-field' \n\t\t\t\t\trequired aria-required='true' \/>\n\t<\/div>\n\n<div style=\"\" class='grunion-field-textarea-wrap grunion-field-wrap'  >\n<label\n\t\t\t\tfor='contact-form-comment-g412-questionsoucommentaires'\n\t\t\t\tclass='grunion-field-label textarea'>Questions ou commentaires<span class=\"grunion-label-required\" aria-hidden=\"true\">(obligatoire)<\/span><\/label>\n<textarea\n\t\t                style=''\n\t\t                name='g412-questionsoucommentaires'\n\t\t                id='contact-form-comment-g412-questionsoucommentaires'\n\t\t                rows='20' class='textarea  grunion-field'  required aria-required='true'><\/textarea>\n\t<\/div>\n\t<p class='contact-submit'>\n\t\t<button type='submit' class='pushbutton-wide'>Envoyer<\/button>\t\t<input type='hidden' name='contact-form-id' value='412' \/>\n\t\t<input type='hidden' name='action' value='grunion-contact-form' \/>\n\t\t<input type='hidden' name='contact-form-hash' value='37a1f5be2643ab1dd982078f69f491ffa864e464' \/>\n\t<\/p>\n<\/form>\n<\/div>\n<div id=\"cboxOverlay\" style=\"display: none;\"><\/div>\n<div id=\"colorbox\" style=\"display: none;\" tabindex=\"-1\"><\/div>\n","protected":false},"excerpt":{"rendered":"<p>D\u00e9fiPSF 228, avenue Lambert Beauceville (Qu\u00e9bec) G5X 3N9 Courriels : bernard.turcotte@csbe.qc.ca dave.loubier@csbe.qc.ca anne.begin@csbe.qc.ca facebook D\u00e9fi PSF\u00a0 Afficher Polyvalente St-Fran\u00e7ois sur une carte plus grande Pour toute information, n&rsquo;h\u00e9sitez pas \u00e0 nous contacter:<\/p>\n","protected":false},"author":10,"featured_media":0,"parent":0,"menu_order":0,"comment_status":"open","ping_status":"open","template":"","meta":{"jetpack_post_was_ever_published":false,"footnotes":""},"class_list":["post-412","page","type-page","status-publish","czr-hentry"],"jetpack_sharing_enabled":true,"jetpack_shortlink":"https:\/\/wp.me\/P7ckN3-6E","jetpack_likes_enabled":true,"jetpack-related-posts":[],"_links":{"self":[{"href":"https:\/\/defipsf.csbe.qc.ca\/index.php?rest_route=\/wp\/v2\/pages\/412"}],"collection":[{"href":"https:\/\/defipsf.csbe.qc.ca\/index.php?rest_route=\/wp\/v2\/pages"}],"about":[{"href":"https:\/\/defipsf.csbe.qc.ca\/index.php?rest_route=\/wp\/v2\/types\/page"}],"author":[{"embeddable":true,"href":"https:\/\/defipsf.csbe.qc.ca\/index.php?rest_route=\/wp\/v2\/users\/10"}],"replies":[{"embeddable":true,"href":"https:\/\/defipsf.csbe.qc.ca\/index.php?rest_route=%2Fwp%2Fv2%2Fcomments&post=412"}],"version-history":[{"count":55,"href":"https:\/\/defipsf.csbe.qc.ca\/index.php?rest_route=\/wp\/v2\/pages\/412\/revisions"}],"predecessor-version":[{"id":3848,"href":"https:\/\/defipsf.csbe.qc.ca\/index.php?rest_route=\/wp\/v2\/pages\/412\/revisions\/3848"}],"wp:attachment":[{"href":"https:\/\/defipsf.csbe.qc.ca\/index.php?rest_route=%2Fwp%2Fv2%2Fmedia&parent=412"}],"curies":[{"name":"wp","href":"https:\/\/api.w.org\/{rel}","templated":true}]}}